{"id":17367,"date":"2021-05-24T12:15:12","date_gmt":"2021-05-24T15:15:12","guid":{"rendered":"http:\/\/www.55bet-pro.com\/pro-reitorias\/prograd\/?page_id=17367"},"modified":"2025-11-18T14:24:58","modified_gmt":"2025-11-18T17:24:58","slug":"tutorial-de-processos-de-estagio-para-estudantes-de-graduacao","status":"publish","type":"page","link":"http:\/\/www.55bet-pro.com\/pro-reitorias\/prograd\/code\/estagios\/tutorial-de-processos-de-estagio-para-estudantes-de-graduacao","title":{"rendered":"Tutorial de processos de est\u00e1gio para estudantes de gradua\u00e7\u00e3o"},"content":{"rendered":"","protected":false},"excerpt":{"rendered":"","protected":false},"author":278,"featured_media":0,"parent":17306,"menu_order":0,"comment_status":"closed","ping_status":"closed","template":"","meta":{"footnotes":""},"categories":[],"tags":[],"class_list":["post-17367","page","type-page","status-publish","hentry"],"acf":[],"_links":{"self":[{"href":"http:\/\/www.55bet-pro.com\/pro-reitorias\/prograd\/wp-json\/wp\/v2\/pages\/17367","targetHints":{"allow":["GET"]}}],"collection":[{"href":"http:\/\/www.55bet-pro.com\/pro-reitorias\/prograd\/wp-json\/wp\/v2\/pages"}],"about":[{"href":"http:\/\/www.55bet-pro.com\/pro-reitorias\/prograd\/wp-json\/wp\/v2\/types\/page"}],"author":[{"embeddable":true,"href":"http:\/\/www.55bet-pro.com\/pro-reitorias\/prograd\/wp-json\/wp\/v2\/users\/278"}],"replies":[{"embeddable":true,"href":"http:\/\/www.55bet-pro.com\/pro-reitorias\/prograd\/wp-json\/wp\/v2\/comments?post=17367"}],"version-history":[{"count":0,"href":"http:\/\/www.55bet-pro.com\/pro-reitorias\/prograd\/wp-json\/wp\/v2\/pages\/17367\/revisions"}],"up":[{"embeddable":true,"href":"http:\/\/www.55bet-pro.com\/pro-reitorias\/prograd\/wp-json\/wp\/v2\/pages\/17306"}],"wp:attachment":[{"href":"http:\/\/www.55bet-pro.com\/pro-reitorias\/prograd\/wp-json\/wp\/v2\/media?parent=17367"}],"wp:term":[{"taxonomy":"category","embeddable":true,"href":"http:\/\/www.55bet-pro.com\/pro-reitorias\/prograd\/wp-json\/wp\/v2\/categories?post=17367"},{"taxonomy":"post_tag","embeddable":true,"href":"http:\/\/www.55bet-pro.com\/pro-reitorias\/prograd\/wp-json\/wp\/v2\/tags?post=17367"}],"curies":[{"name":"wp","href":"http:\/\/api.w.org\/{rel}","templated":true}]}}